{"id":26,"date":"2024-01-31T20:18:36","date_gmt":"2024-01-31T20:18:36","guid":{"rendered":"https:\/\/sklep.tankbusters.pl\/?page_id=26"},"modified":"2025-10-28T16:50:21","modified_gmt":"2025-10-28T16:50:21","slug":"kontakt","status":"publish","type":"page","link":"https:\/\/sklep.tankbusters.pl\/index.php\/kontakt\/","title":{"rendered":"Kontakt"},"content":{"rendered":"<h1><P>KONT<span>A<\/span>KT<\/p>\n<\/h1>\n<div>\n<p><b>Jeste\u015bmy tu dla Ciebie!<\/b> Je\u017celi masz pytania, sugestie lub chcesz podzieli\u0107 si\u0119 swoj\u0105 opini\u0105 na temat naszych produkt\u00f3w, nie kr\u0119puj si\u0119 i <b>skontaktuj si\u0119 z nami<\/b>. Mo\u017cesz to zrobi\u0107 poprzez formularz na stronie, mailowo, telefonicznie, czy przez nasze media spo\u0142eczno\u015bciowe. <\/p>\n<p>Dbamy o to, by ka\u017cda Twoja wiadomo\u015b\u0107 zosta\u0142a potraktowana indywidualnie i z nale\u017cyt\u0105 uwag\u0105. <b>Odpowiemy na wszelkie zapytania jak najszybciej, bo Twoja satysfakcja jest dla nas bardzo wa\u017cna.<\/b><\/p>\n<p><b>Jeste\u015b zainteresowany kupnem w cenach hurtowych? Zapraszamy do kontaktu!<\/b><\/p>\n<\/div>\n<h1>\n<p>Biuro:<\/p>\n<\/h1>\n<ul>\n<li>\n<div>\n<p>Adres: <b>ul. De Gaulle&#8217;a 86, 41-800 Zabrze<\/b><\/p>\n<\/div>\n<\/li>\n<li>\n<div>\n<p>Telefon: <a href=\"phone:+48503809326\"><b>+48 503 809 326<\/b><\/a> i <a href=\"phone:+48602404944\"><b>+48 602 404 944<\/b><\/a><\/p>\n<\/p><\/div>\n<\/li>\n<li>\n<div>\n<p>Email: <a href=\"mail:michal@tankbusters.pl\"><b>michal@tankbusters.pl<\/b><\/a> i <a href=\"mail:kamil@tankbusters.pl\"><b>kamil@tankbusters.pl<\/b><\/a><\/p>\n<\/p><\/div>\n<\/li>\n<\/ul>\n<h1>\n<p>Godziny pracy:<\/p>\n<\/h1>\n<ul>\n<li>\n<div>\n<p>Poniedzia\u0142ek &#8211; Pi\u0105tek 10:00 &#8211; 20:00<\/p>\n<\/div>\n<\/li>\n<li>\n<div>\n<p>Sobota &#8211; chilltime<\/p>\n<\/div>\n<\/li>\n<li>\n<div>\n<p>Niedziela &#8211; resttime<\/p>\n<\/div>\n<\/li>\n<\/ul>\n<h1>\n<p>Skontaktuj si\u0119 z nami!<\/p>\n<\/h1>\n<div>\n<style id=\"wpforms-css-vars-386\">\n\t\t\t\t#wpforms-386 {\n\t\t\t\t\n\t\t\t}\n\t\t\t<\/style><div class=\"wpforms-container wpforms-container-full wpforms-render-modern\" id=\"wpforms-386\"><form id=\"wpforms-form-386\" class=\"wpforms-validate wpforms-form wpforms-ajax-form\" data-formid=\"386\" method=\"post\" enctype=\"multipart\/form-data\" action=\"\/index.php\/wp-json\/wp\/v2\/pages\/26\" data-token=\"0bfc84fa90f967f4c74a85943ada4022\" data-token-time=\"1776146998\"><noscript class=\"wpforms-error-noscript\">Aby wype\u0142ni\u0107 ten formularz, w\u0142\u0105cz obs\u0142ug\u0119 JavaScript w przegl\u0105darce.<\/noscript><div id=\"wpforms-error-noscript\" style=\"display: none;\">Aby wype\u0142ni\u0107 ten formularz, w\u0142\u0105cz obs\u0142ug\u0119 JavaScript w przegl\u0105darce.<\/div><div class=\"wpforms-field-container\"><div id=\"wpforms-386-field_1-container\" class=\"wpforms-field wpforms-field-text\" data-field-id=\"1\"><label class=\"wpforms-field-label\" for=\"wpforms-386-field_1\">ADRES E-MAIL <span class=\"wpforms-required-label\" aria-hidden=\"true\">*<\/span><\/label><input type=\"text\" id=\"wpforms-386-field_1\" class=\"wpforms-field-medium wpforms-field-required wpforms-masked-input\" data-rule-inputmask-incomplete=\"1\" data-inputmask-alias=\"email\" name=\"wpforms[fields][1]\" value=\"tw\u00f3j@email.com\" aria-errormessage=\"wpforms-386-field_1-error\" required><\/div><div id=\"wpforms-386-field_2-container\" class=\"wpforms-field wpforms-field-textarea\" data-field-id=\"2\"><label class=\"wpforms-field-label\" for=\"wpforms-386-field_2\">WIADOMO\u015a\u0106 <span class=\"wpforms-required-label\" aria-hidden=\"true\">*<\/span><\/label><textarea id=\"wpforms-386-field_2\" class=\"wpforms-field-medium wpforms-field-required\" name=\"wpforms[fields][2]\" aria-errormessage=\"wpforms-386-field_2-error\" required>twoja wiadomo\u015b\u0107<\/textarea><\/div><\/div><!-- .wpforms-field-container --><div class=\"wpforms-submit-container\" ><input type=\"hidden\" name=\"wpforms[id]\" value=\"386\"><input type=\"hidden\" name=\"page_title\" value=\"\"><input type=\"hidden\" name=\"page_url\" value=\"https:\/\/sklep.tankbusters.pl\/index.php\/wp-json\/wp\/v2\/pages\/26\"><input type=\"hidden\" name=\"url_referer\" value=\"\"><button type=\"submit\" name=\"wpforms[submit]\" id=\"wpforms-submit-386\" class=\"wpforms-submit\" data-alt-text=\"Wysy\u0142anie...\" data-submit-text=\"Wy\u015blij\" aria-live=\"assertive\" value=\"wpforms-submit\">Wy\u015blij<\/button><img loading=\"lazy\" decoding=\"async\" src=\"https:\/\/sklep.tankbusters.pl\/wp-content\/plugins\/wpforms-lite\/assets\/images\/submit-spin.svg\" class=\"wpforms-submit-spinner\" style=\"display: none;\" width=\"26\" height=\"26\" alt=\"Wczytywanie\"><\/div><\/form><\/div>  <!-- .wpforms-container --><\/div>\n<p><!--more--><br \/>\n<!-- {\"type\":\"layout\",\"children\":[{\"type\":\"section\",\"props\":{\"image_position\":\"center-center\",\"style\":\"default\",\"title_breakpoint\":\"xl\",\"title_position\":\"top-left\",\"title_rotation\":\"left\",\"vertical_align\":\"\",\"width\":\"default\"},\"children\":[{\"type\":\"row\",\"children\":[{\"type\":\"column\",\"props\":{\"image_position\":\"center-center\",\"position_sticky_breakpoint\":\"m\"},\"children\":[{\"type\":\"headline\",\"props\":{\"content\":\"<P>KONT<span>A<\\\/span>KT<\\\/p>\",\"css\":\".el-element p{\\n    font-family: DharmaGothicE_Regular_R;\\n    font-size: 70px;\\n}\\n.el-element span{\\n    font-family: DharmaGothicE_ExBold_I;\\n}\",\"text_align\":\"center\",\"title_decoration\":\"line\",\"title_element\":\"h1\"}}]}]}]},{\"type\":\"section\",\"props\":{\"image_position\":\"center-center\",\"padding_remove_top\":true,\"style\":\"default\",\"title_breakpoint\":\"xl\",\"title_position\":\"top-left\",\"title_rotation\":\"left\",\"vertical_align\":\"\",\"width\":\"default\"},\"children\":[{\"type\":\"row\",\"props\":{\"column_gap\":\"large\",\"layout\":\"1-2,1-2\",\"row_gap\":\"large\",\"width\":\"expand\"},\"children\":[{\"type\":\"column\",\"props\":{\"image_position\":\"center-center\",\"position_sticky_breakpoint\":\"m\",\"width_medium\":\"1-2\"},\"children\":[{\"type\":\"text\",\"props\":{\"column_breakpoint\":\"m\",\"content\":\"\n\n<p><b>Jeste\\u015bmy tu dla Ciebie!<\\\/b> Je\\u017celi masz pytania, sugestie lub chcesz podzieli\\u0107 si\\u0119 swoj\\u0105 opini\\u0105 na temat naszych produkt\\u00f3w, nie kr\\u0119puj si\\u0119 i <b>skontaktuj si\\u0119 z nami<\\\/b>. Mo\\u017cesz to zrobi\\u0107 poprzez formularz na stronie, mailowo, telefonicznie, czy przez nasze media spo\\u0142eczno\\u015bciowe. <\\\/p>\\n\\n\n\n<p>Dbamy o to, by ka\\u017cda Twoja wiadomo\\u015b\\u0107 zosta\\u0142a potraktowana indywidualnie i z nale\\u017cyt\\u0105 uwag\\u0105. <b>Odpowiemy na wszelkie zapytania jak najszybciej, bo Twoja satysfakcja jest dla nas bardzo wa\\u017cna.<\\\/b><\\\/p>\\n\\n\n\n<p><b>Jeste\\u015b zainteresowany kupnem w cenach hurtowych? Zapraszamy do kontaktu!<\\\/b><\\\/p>\",\"css\":\".el-element p{\\n    font-family: Manrope-Light;\\n    color: black;\\n    font-size: 15px;\\n    text-align: justify;\\n}\",\"margin\":\"default\"}},{\"type\":\"headline\",\"props\":{\"content\":\"\n\n<p>Biuro:<\\\/p>\",\"css\":\".el-element{\\n    font-family: Manrope-Bold;\\n    font-size: 25px;\\n}\",\"title_element\":\"h1\"}},{\"name\":\"List Marker Icon\",\"type\":\"list\",\"children\":[{\"type\":\"list_item\",\"props\":{\"content\":\"\n\n<p>Adres: <b>ul. De Gaulle'a 86, 41-800 Zabrze<\\\/b><\\\/p>\",\"icon\":\"location\",\"image\":\"\"}},{\"type\":\"list_item\",\"props\":{\"content\":\"\n\n<p>Telefon: <a href=\\\"phone:+48503809326\\\"><b>+48 503 809 326<\\\/b><\\\/a> i <a href=\\\"phone:+48602404944\\\"><b>+48 602 404 944<\\\/b><\\\/a><\\\/p> \",\"icon\":\"receiver\",\"image\":\"\"}},{\"type\":\"list_item\",\"props\":{\"content\":\"\n\n<p>Email: <a href=\\\"mail:michal@tankbusters.pl\\\"><b>michal@tankbusters.pl<\\\/b><\\\/a> i <a href=\\\"mail:kamil@tankbusters.pl\\\"><b>kamil@tankbusters.pl<\\\/b><\\\/a><\\\/p> \",\"icon\":\"mail\",\"image\":\"\"}}],\"props\":{\"column_breakpoint\":\"m\",\"css\":\".el-element{\\n    font-family: Manrope-Light;\\n    color: black;\\n    font-size: 15px;\\n}\\n.el-element a{\\n    text-decoration: none;\\n}\",\"image\":true,\"image_align\":\"left\",\"image_svg_color\":\"emphasis\",\"image_vertical_align\":true,\"list_element\":\"ul\",\"list_horizontal_separator\":\", \",\"list_type\":\"vertical\",\"margin\":\"default\",\"show_image\":true,\"show_link\":true}},{\"type\":\"headline\",\"props\":{\"content\":\"\n\n<p>Godziny pracy:<\\\/p>\",\"css\":\".el-element{\\n    font-family: Manrope-Bold;\\n    font-size: 25px;\\n}\",\"title_element\":\"h1\"}},{\"name\":\"List Marker Icon\",\"type\":\"list\",\"children\":[{\"type\":\"list_item\",\"props\":{\"content\":\"\n\n<p>Poniedzia\\u0142ek - Pi\\u0105tek 10:00 - 20:00<\\\/p>\",\"icon\":\"clock\",\"image\":\"\"}},{\"type\":\"list_item\",\"props\":{\"content\":\"\n\n<p>Sobota - chilltime<\\\/p>\",\"icon\":\"clock\",\"image\":\"\"}},{\"type\":\"list_item\",\"props\":{\"content\":\"\n\n<p>Niedziela - resttime<\\\/p>\",\"icon\":\"clock\",\"image\":\"\"}}],\"props\":{\"column_breakpoint\":\"m\",\"css\":\".el-element{\\n    font-family: Manrope-Light;\\n    color: black;\\n    font-size: 15px;\\n}\\n.el-element a{\\n    text-decoration: none;\\n}\",\"image\":true,\"image_align\":\"left\",\"image_svg_color\":\"emphasis\",\"image_vertical_align\":true,\"list_element\":\"ul\",\"list_horizontal_separator\":\", \",\"list_type\":\"vertical\",\"margin\":\"default\",\"show_image\":true,\"show_link\":true}}]},{\"type\":\"column\",\"props\":{\"image_position\":\"center-center\",\"position_sticky_breakpoint\":\"m\",\"width_medium\":\"1-2\"},\"children\":[{\"type\":\"headline\",\"props\":{\"content\":\"\n\n<p>Skontaktuj si\\u0119 z nami!<\\\/p>\",\"css\":\".el-element{\\n    font-family: Manrope-Bold;\\n    color: black;\\n    font-size: 25px;\\n}\\n@media all and (min-width:0px) and (max-width:960px){\\n    .el-element{\\n        padding-top: 35px;\\n    }\\n}\",\"title_element\":\"h1\"}},{\"type\":\"html\",\"props\":{\"content\":\"[wpforms id=\\\"386\\\" title=\\\"false\\\"]\",\"css\":\".wpforms-submit{\\n    background-color: black;\\n    width: 200px;\\n    font-family: DharmaGothicE_Regular_R;\\n    font-size: 30px;\\n    box-shadow: 7px 14px 24px -9px black;\\n    float: right;\\n}\\n.wpforms-submit-container{\\n    padding-top: 25px;\\n}\\n.wpforms-field-medium{\\n    background-color: #F6F6F6;\\n}\\n.wpforms-field-label{\\n    font-family: Manrope-Medium;\\n    font-size: 15px;\\n}\"}}]}]}]},{\"type\":\"section\",\"props\":{\"image_position\":\"center-center\",\"style\":\"default\",\"title_breakpoint\":\"xl\",\"title_position\":\"top-left\",\"title_rotation\":\"left\",\"vertical_align\":\"\",\"width\":\"default\"},\"children\":[{\"type\":\"row\",\"children\":[{\"type\":\"column\",\"props\":{\"image_position\":\"center-center\",\"position_sticky_breakpoint\":\"m\"}}]}]}],\"version\":\"4.4.20\"} --><\/p>\n","protected":false},"excerpt":{"rendered":"<p>KONTAKT Jeste\u015bmy tu dla Ciebie! Je\u017celi masz pytania, sugestie lub chcesz podzieli\u0107 si\u0119 swoj\u0105 opini\u0105 na temat naszych produkt\u00f3w, nie kr\u0119puj si\u0119 i skontaktuj si\u0119 z nami. Mo\u017cesz to zrobi\u0107 poprzez formularz na stronie, mailowo, telefonicznie, czy przez nasze media spo\u0142eczno\u015bciowe. Dbamy o to, by ka\u017cda Twoja wiadomo\u015b\u0107 zosta\u0142a potraktowana indywidualnie i z nale\u017cyt\u0105 uwag\u0105. [&hellip;]<\/p>\n","protected":false},"author":1,"featured_media":0,"parent":0,"menu_order":0,"comment_status":"closed","ping_status":"closed","template":"","meta":{"footnotes":""},"class_list":["post-26","page","type-page","status-publish","hentry"],"yoast_head":"<!-- This site is optimized with the Yoast SEO plugin v27.3 - https:\/\/yoast.com\/product\/yoast-seo-wordpress\/ -->\n<title>Kontakt - TankBusters<\/title>\n<meta name=\"robots\" content=\"index, follow, max-snippet:-1, max-image-preview:large, max-video-preview:-1\" \/>\n<link rel=\"canonical\" href=\"https:\/\/sklep.tankbusters.pl\/index.php\/kontakt\/\" \/>\n<meta property=\"og:locale\" content=\"pl_PL\" \/>\n<meta property=\"og:type\" content=\"article\" \/>\n<meta property=\"og:title\" content=\"Kontakt - TankBusters\" \/>\n<meta property=\"og:description\" content=\"KONTAKT Jeste\u015bmy tu dla Ciebie! Je\u017celi masz pytania, sugestie lub chcesz podzieli\u0107 si\u0119 swoj\u0105 opini\u0105 na temat naszych produkt\u00f3w, nie kr\u0119puj si\u0119 i skontaktuj si\u0119 z nami. Mo\u017cesz to zrobi\u0107 poprzez formularz na stronie, mailowo, telefonicznie, czy przez nasze media spo\u0142eczno\u015bciowe. Dbamy o to, by ka\u017cda Twoja wiadomo\u015b\u0107 zosta\u0142a potraktowana indywidualnie i z nale\u017cyt\u0105 uwag\u0105. [&hellip;]\" \/>\n<meta property=\"og:url\" content=\"https:\/\/sklep.tankbusters.pl\/index.php\/kontakt\/\" \/>\n<meta property=\"og:site_name\" content=\"TankBusters\" \/>\n<meta property=\"article:modified_time\" content=\"2025-10-28T16:50:21+00:00\" \/>\n<meta name=\"twitter:card\" content=\"summary_large_image\" \/>\n<script type=\"application\/ld+json\" class=\"yoast-schema-graph\">{\"@context\":\"https:\\\/\\\/schema.org\",\"@graph\":[{\"@type\":\"WebPage\",\"@id\":\"https:\\\/\\\/sklep.tankbusters.pl\\\/index.php\\\/kontakt\\\/\",\"url\":\"https:\\\/\\\/sklep.tankbusters.pl\\\/index.php\\\/kontakt\\\/\",\"name\":\"Kontakt - TankBusters\",\"isPartOf\":{\"@id\":\"http:\\\/\\\/sklep.tankbusters.pl\\\/#website\"},\"datePublished\":\"2024-01-31T20:18:36+00:00\",\"dateModified\":\"2025-10-28T16:50:21+00:00\",\"breadcrumb\":{\"@id\":\"https:\\\/\\\/sklep.tankbusters.pl\\\/index.php\\\/kontakt\\\/#breadcrumb\"},\"inLanguage\":\"pl-PL\",\"potentialAction\":[{\"@type\":\"ReadAction\",\"target\":[\"https:\\\/\\\/sklep.tankbusters.pl\\\/index.php\\\/kontakt\\\/\"]}]},{\"@type\":\"BreadcrumbList\",\"@id\":\"https:\\\/\\\/sklep.tankbusters.pl\\\/index.php\\\/kontakt\\\/#breadcrumb\",\"itemListElement\":[{\"@type\":\"ListItem\",\"position\":1,\"name\":\"Strona g\u0142\u00f3wna\",\"item\":\"http:\\\/\\\/sklep.tankbusters.pl\\\/\"},{\"@type\":\"ListItem\",\"position\":2,\"name\":\"Kontakt\"}]},{\"@type\":\"WebSite\",\"@id\":\"http:\\\/\\\/sklep.tankbusters.pl\\\/#website\",\"url\":\"http:\\\/\\\/sklep.tankbusters.pl\\\/\",\"name\":\"TankBusters\",\"description\":\"Craft Beer\",\"potentialAction\":[{\"@type\":\"SearchAction\",\"target\":{\"@type\":\"EntryPoint\",\"urlTemplate\":\"http:\\\/\\\/sklep.tankbusters.pl\\\/?s={search_term_string}\"},\"query-input\":{\"@type\":\"PropertyValueSpecification\",\"valueRequired\":true,\"valueName\":\"search_term_string\"}}],\"inLanguage\":\"pl-PL\"}]}<\/script>\n<!-- \/ Yoast SEO plugin. -->","yoast_head_json":{"title":"Kontakt - TankBusters","robots":{"index":"index","follow":"follow","max-snippet":"max-snippet:-1","max-image-preview":"max-image-preview:large","max-video-preview":"max-video-preview:-1"},"canonical":"https:\/\/sklep.tankbusters.pl\/index.php\/kontakt\/","og_locale":"pl_PL","og_type":"article","og_title":"Kontakt - TankBusters","og_description":"KONTAKT Jeste\u015bmy tu dla Ciebie! Je\u017celi masz pytania, sugestie lub chcesz podzieli\u0107 si\u0119 swoj\u0105 opini\u0105 na temat naszych produkt\u00f3w, nie kr\u0119puj si\u0119 i skontaktuj si\u0119 z nami. Mo\u017cesz to zrobi\u0107 poprzez formularz na stronie, mailowo, telefonicznie, czy przez nasze media spo\u0142eczno\u015bciowe. Dbamy o to, by ka\u017cda Twoja wiadomo\u015b\u0107 zosta\u0142a potraktowana indywidualnie i z nale\u017cyt\u0105 uwag\u0105. [&hellip;]","og_url":"https:\/\/sklep.tankbusters.pl\/index.php\/kontakt\/","og_site_name":"TankBusters","article_modified_time":"2025-10-28T16:50:21+00:00","twitter_card":"summary_large_image","schema":{"@context":"https:\/\/schema.org","@graph":[{"@type":"WebPage","@id":"https:\/\/sklep.tankbusters.pl\/index.php\/kontakt\/","url":"https:\/\/sklep.tankbusters.pl\/index.php\/kontakt\/","name":"Kontakt - TankBusters","isPartOf":{"@id":"http:\/\/sklep.tankbusters.pl\/#website"},"datePublished":"2024-01-31T20:18:36+00:00","dateModified":"2025-10-28T16:50:21+00:00","breadcrumb":{"@id":"https:\/\/sklep.tankbusters.pl\/index.php\/kontakt\/#breadcrumb"},"inLanguage":"pl-PL","potentialAction":[{"@type":"ReadAction","target":["https:\/\/sklep.tankbusters.pl\/index.php\/kontakt\/"]}]},{"@type":"BreadcrumbList","@id":"https:\/\/sklep.tankbusters.pl\/index.php\/kontakt\/#breadcrumb","itemListElement":[{"@type":"ListItem","position":1,"name":"Strona g\u0142\u00f3wna","item":"http:\/\/sklep.tankbusters.pl\/"},{"@type":"ListItem","position":2,"name":"Kontakt"}]},{"@type":"WebSite","@id":"http:\/\/sklep.tankbusters.pl\/#website","url":"http:\/\/sklep.tankbusters.pl\/","name":"TankBusters","description":"Craft Beer","potentialAction":[{"@type":"SearchAction","target":{"@type":"EntryPoint","urlTemplate":"http:\/\/sklep.tankbusters.pl\/?s={search_term_string}"},"query-input":{"@type":"PropertyValueSpecification","valueRequired":true,"valueName":"search_term_string"}}],"inLanguage":"pl-PL"}]}},"_links":{"self":[{"href":"https:\/\/sklep.tankbusters.pl\/index.php\/wp-json\/wp\/v2\/pages\/26","targetHints":{"allow":["GET"]}}],"collection":[{"href":"https:\/\/sklep.tankbusters.pl\/index.php\/wp-json\/wp\/v2\/pages"}],"about":[{"href":"https:\/\/sklep.tankbusters.pl\/index.php\/wp-json\/wp\/v2\/types\/page"}],"author":[{"embeddable":true,"href":"https:\/\/sklep.tankbusters.pl\/index.php\/wp-json\/wp\/v2\/users\/1"}],"replies":[{"embeddable":true,"href":"https:\/\/sklep.tankbusters.pl\/index.php\/wp-json\/wp\/v2\/comments?post=26"}],"version-history":[{"count":1,"href":"https:\/\/sklep.tankbusters.pl\/index.php\/wp-json\/wp\/v2\/pages\/26\/revisions"}],"predecessor-version":[{"id":1506,"href":"https:\/\/sklep.tankbusters.pl\/index.php\/wp-json\/wp\/v2\/pages\/26\/revisions\/1506"}],"wp:attachment":[{"href":"https:\/\/sklep.tankbusters.pl\/index.php\/wp-json\/wp\/v2\/media?parent=26"}],"curies":[{"name":"wp","href":"https:\/\/api.w.org\/{rel}","templated":true}]}}