{"id":1152,"date":"2025-10-01T20:08:23","date_gmt":"2025-10-01T20:08:23","guid":{"rendered":"https:\/\/sklep.tankbusters.pl\/?post_type=product&#038;p=1152"},"modified":"2025-10-17T21:51:12","modified_gmt":"2025-10-17T21:51:12","slug":"cybertank-koszulka-white","status":"publish","type":"product","link":"https:\/\/sklep.tankbusters.pl\/index.php\/produkt\/cybertank-koszulka-white\/","title":{"rendered":"CyberTank &#8211; T-shirt"},"content":{"rendered":"<p><strong data-start=\"83\" data-end=\"107\">Koszulka \u201eCyberTank\u201d<\/strong><br data-start=\"107\" data-end=\"110\" \/><span data-olk-copy-source=\"MessageBody\">T-shirt inspirowany naszym West Coast IPA \u2013 wytrawnym, cytrusowo-\u017cywicznym klasykiem z mocn\u0105 goryczk\u0105. Wykonana z mi\u0119kkiej, wysokiej jako\u015bci bawe\u0142ny.<\/span><\/p>\n<p>The Future is here Old Man!<\/p>\n<table width=\"439\">\n<tbody>\n<tr>\n<td width=\"119\">Rozmiar \/ Size<\/td>\n<td width=\"64\">S<\/td>\n<td width=\"64\">M<\/td>\n<td width=\"64\">L<\/td>\n<td width=\"64\">XL<\/td>\n<td width=\"64\">XXL<\/td>\n<\/tr>\n<tr>\n<td>Szeroko\u015b\u0107 \/ Width<\/td>\n<td>56 cm<\/td>\n<td>59 cm<\/td>\n<td>62 cm<\/td>\n<td>65 cm<\/td>\n<td>68 cm<\/td>\n<\/tr>\n<tr>\n<td>D\u0142ugo\u015b\u0107 \/ Length<\/td>\n<td>74 cm<\/td>\n<td>76 cm<\/td>\n<td>78 cm<\/td>\n<td>80 cm<\/td>\n<td>82 cm<\/td>\n<\/tr>\n<\/tbody>\n<\/table>\n","protected":false},"excerpt":{"rendered":"<p>Koszulka &#8222;Cybertank&#8221;<\/p>\n","protected":false},"featured_media":1237,"comment_status":"open","ping_status":"closed","template":"","meta":[],"product_brand":[],"product_cat":[136,135,146],"product_tag":[],"class_list":{"0":"post-1152","1":"product","2":"type-product","3":"status-publish","4":"has-post-thumbnail","6":"product_cat-koszulki","7":"product_cat-nowe","8":"product_cat-ubrania","10":"first","11":"instock","12":"purchasable","13":"product-type-variable"},"yoast_head":"<!-- This site is optimized with the Yoast SEO plugin v27.3 - https:\/\/yoast.com\/product\/yoast-seo-wordpress\/ -->\n<title>CyberTank - T-shirt - TankBusters<\/title>\n<meta name=\"robots\" content=\"index, follow, max-snippet:-1, max-image-preview:large, max-video-preview:-1\" \/>\n<link rel=\"canonical\" href=\"http:\/\/sklep.tankbusters.pl\/index.php\/produkt\/cybertank-koszulka-white\/\" \/>\n<meta property=\"og:locale\" content=\"pl_PL\" \/>\n<meta property=\"og:type\" content=\"article\" \/>\n<meta property=\"og:title\" content=\"CyberTank - T-shirt - TankBusters\" \/>\n<meta property=\"og:description\" content=\"Koszulka &quot;Cybertank&quot;\" \/>\n<meta property=\"og:url\" content=\"http:\/\/sklep.tankbusters.pl\/index.php\/produkt\/cybertank-koszulka-white\/\" \/>\n<meta property=\"og:site_name\" content=\"TankBusters\" \/>\n<meta property=\"article:modified_time\" content=\"2025-10-17T21:51:12+00:00\" \/>\n<meta property=\"og:image\" content=\"http:\/\/sklep.tankbusters.pl\/wp-content\/uploads\/2025\/10\/cyber-mockup.jpg\" \/>\n\t<meta property=\"og:image:width\" content=\"1024\" \/>\n\t<meta property=\"og:image:height\" content=\"1536\" \/>\n\t<meta property=\"og:image:type\" content=\"image\/jpeg\" \/>\n<meta name=\"twitter:card\" content=\"summary_large_image\" \/>\n<meta name=\"twitter:label1\" content=\"Szacowany czas czytania\" \/>\n\t<meta name=\"twitter:data1\" content=\"1 minuta\" \/>\n<script type=\"application\/ld+json\" class=\"yoast-schema-graph\">{\"@context\":\"https:\\\/\\\/schema.org\",\"@graph\":[{\"@type\":\"WebPage\",\"@id\":\"http:\\\/\\\/sklep.tankbusters.pl\\\/index.php\\\/produkt\\\/cybertank-koszulka-white\\\/\",\"url\":\"http:\\\/\\\/sklep.tankbusters.pl\\\/index.php\\\/produkt\\\/cybertank-koszulka-white\\\/\",\"name\":\"CyberTank - T-shirt - TankBusters\",\"isPartOf\":{\"@id\":\"http:\\\/\\\/sklep.tankbusters.pl\\\/#website\"},\"primaryImageOfPage\":{\"@id\":\"http:\\\/\\\/sklep.tankbusters.pl\\\/index.php\\\/produkt\\\/cybertank-koszulka-white\\\/#primaryimage\"},\"image\":{\"@id\":\"http:\\\/\\\/sklep.tankbusters.pl\\\/index.php\\\/produkt\\\/cybertank-koszulka-white\\\/#primaryimage\"},\"thumbnailUrl\":\"https:\\\/\\\/sklep.tankbusters.pl\\\/wp-content\\\/uploads\\\/2025\\\/10\\\/cyber-mockup.jpg\",\"datePublished\":\"2025-10-01T20:08:23+00:00\",\"dateModified\":\"2025-10-17T21:51:12+00:00\",\"breadcrumb\":{\"@id\":\"http:\\\/\\\/sklep.tankbusters.pl\\\/index.php\\\/produkt\\\/cybertank-koszulka-white\\\/#breadcrumb\"},\"inLanguage\":\"pl-PL\",\"potentialAction\":[{\"@type\":\"ReadAction\",\"target\":[\"http:\\\/\\\/sklep.tankbusters.pl\\\/index.php\\\/produkt\\\/cybertank-koszulka-white\\\/\"]}]},{\"@type\":\"ImageObject\",\"inLanguage\":\"pl-PL\",\"@id\":\"http:\\\/\\\/sklep.tankbusters.pl\\\/index.php\\\/produkt\\\/cybertank-koszulka-white\\\/#primaryimage\",\"url\":\"https:\\\/\\\/sklep.tankbusters.pl\\\/wp-content\\\/uploads\\\/2025\\\/10\\\/cyber-mockup.jpg\",\"contentUrl\":\"https:\\\/\\\/sklep.tankbusters.pl\\\/wp-content\\\/uploads\\\/2025\\\/10\\\/cyber-mockup.jpg\",\"width\":1024,\"height\":1536},{\"@type\":\"BreadcrumbList\",\"@id\":\"http:\\\/\\\/sklep.tankbusters.pl\\\/index.php\\\/produkt\\\/cybertank-koszulka-white\\\/#breadcrumb\",\"itemListElement\":[{\"@type\":\"ListItem\",\"position\":1,\"name\":\"Strona g\u0142\u00f3wna\",\"item\":\"http:\\\/\\\/sklep.tankbusters.pl\\\/\"},{\"@type\":\"ListItem\",\"position\":2,\"name\":\"Sklep\",\"item\":\"http:\\\/\\\/sklep.tankbusters.pl\\\/\"},{\"@type\":\"ListItem\",\"position\":3,\"name\":\"CyberTank &#8211; T-shirt\"}]},{\"@type\":\"WebSite\",\"@id\":\"http:\\\/\\\/sklep.tankbusters.pl\\\/#website\",\"url\":\"http:\\\/\\\/sklep.tankbusters.pl\\\/\",\"name\":\"TankBusters\",\"description\":\"Craft Beer\",\"potentialAction\":[{\"@type\":\"SearchAction\",\"target\":{\"@type\":\"EntryPoint\",\"urlTemplate\":\"http:\\\/\\\/sklep.tankbusters.pl\\\/?s={search_term_string}\"},\"query-input\":{\"@type\":\"PropertyValueSpecification\",\"valueRequired\":true,\"valueName\":\"search_term_string\"}}],\"inLanguage\":\"pl-PL\"}]}<\/script>\n<!-- \/ Yoast SEO plugin. -->","yoast_head_json":{"title":"CyberTank - T-shirt - TankBusters","robots":{"index":"index","follow":"follow","max-snippet":"max-snippet:-1","max-image-preview":"max-image-preview:large","max-video-preview":"max-video-preview:-1"},"canonical":"http:\/\/sklep.tankbusters.pl\/index.php\/produkt\/cybertank-koszulka-white\/","og_locale":"pl_PL","og_type":"article","og_title":"CyberTank - T-shirt - TankBusters","og_description":"Koszulka \"Cybertank\"","og_url":"http:\/\/sklep.tankbusters.pl\/index.php\/produkt\/cybertank-koszulka-white\/","og_site_name":"TankBusters","article_modified_time":"2025-10-17T21:51:12+00:00","og_image":[{"width":1024,"height":1536,"url":"http:\/\/sklep.tankbusters.pl\/wp-content\/uploads\/2025\/10\/cyber-mockup.jpg","type":"image\/jpeg"}],"twitter_card":"summary_large_image","twitter_misc":{"Szacowany czas czytania":"1 minuta"},"schema":{"@context":"https:\/\/schema.org","@graph":[{"@type":"WebPage","@id":"http:\/\/sklep.tankbusters.pl\/index.php\/produkt\/cybertank-koszulka-white\/","url":"http:\/\/sklep.tankbusters.pl\/index.php\/produkt\/cybertank-koszulka-white\/","name":"CyberTank - T-shirt - TankBusters","isPartOf":{"@id":"http:\/\/sklep.tankbusters.pl\/#website"},"primaryImageOfPage":{"@id":"http:\/\/sklep.tankbusters.pl\/index.php\/produkt\/cybertank-koszulka-white\/#primaryimage"},"image":{"@id":"http:\/\/sklep.tankbusters.pl\/index.php\/produkt\/cybertank-koszulka-white\/#primaryimage"},"thumbnailUrl":"https:\/\/sklep.tankbusters.pl\/wp-content\/uploads\/2025\/10\/cyber-mockup.jpg","datePublished":"2025-10-01T20:08:23+00:00","dateModified":"2025-10-17T21:51:12+00:00","breadcrumb":{"@id":"http:\/\/sklep.tankbusters.pl\/index.php\/produkt\/cybertank-koszulka-white\/#breadcrumb"},"inLanguage":"pl-PL","potentialAction":[{"@type":"ReadAction","target":["http:\/\/sklep.tankbusters.pl\/index.php\/produkt\/cybertank-koszulka-white\/"]}]},{"@type":"ImageObject","inLanguage":"pl-PL","@id":"http:\/\/sklep.tankbusters.pl\/index.php\/produkt\/cybertank-koszulka-white\/#primaryimage","url":"https:\/\/sklep.tankbusters.pl\/wp-content\/uploads\/2025\/10\/cyber-mockup.jpg","contentUrl":"https:\/\/sklep.tankbusters.pl\/wp-content\/uploads\/2025\/10\/cyber-mockup.jpg","width":1024,"height":1536},{"@type":"BreadcrumbList","@id":"http:\/\/sklep.tankbusters.pl\/index.php\/produkt\/cybertank-koszulka-white\/#breadcrumb","itemListElement":[{"@type":"ListItem","position":1,"name":"Strona g\u0142\u00f3wna","item":"http:\/\/sklep.tankbusters.pl\/"},{"@type":"ListItem","position":2,"name":"Sklep","item":"http:\/\/sklep.tankbusters.pl\/"},{"@type":"ListItem","position":3,"name":"CyberTank &#8211; T-shirt"}]},{"@type":"WebSite","@id":"http:\/\/sklep.tankbusters.pl\/#website","url":"http:\/\/sklep.tankbusters.pl\/","name":"TankBusters","description":"Craft Beer","potentialAction":[{"@type":"SearchAction","target":{"@type":"EntryPoint","urlTemplate":"http:\/\/sklep.tankbusters.pl\/?s={search_term_string}"},"query-input":{"@type":"PropertyValueSpecification","valueRequired":true,"valueName":"search_term_string"}}],"inLanguage":"pl-PL"}]}},"_links":{"self":[{"href":"https:\/\/sklep.tankbusters.pl\/index.php\/wp-json\/wp\/v2\/product\/1152","targetHints":{"allow":["GET"]}}],"collection":[{"href":"https:\/\/sklep.tankbusters.pl\/index.php\/wp-json\/wp\/v2\/product"}],"about":[{"href":"https:\/\/sklep.tankbusters.pl\/index.php\/wp-json\/wp\/v2\/types\/product"}],"replies":[{"embeddable":true,"href":"https:\/\/sklep.tankbusters.pl\/index.php\/wp-json\/wp\/v2\/comments?post=1152"}],"wp:featuredmedia":[{"embeddable":true,"href":"https:\/\/sklep.tankbusters.pl\/index.php\/wp-json\/wp\/v2\/media\/1237"}],"wp:attachment":[{"href":"https:\/\/sklep.tankbusters.pl\/index.php\/wp-json\/wp\/v2\/media?parent=1152"}],"wp:term":[{"taxonomy":"product_brand","embeddable":true,"href":"https:\/\/sklep.tankbusters.pl\/index.php\/wp-json\/wp\/v2\/product_brand?post=1152"},{"taxonomy":"product_cat","embeddable":true,"href":"https:\/\/sklep.tankbusters.pl\/index.php\/wp-json\/wp\/v2\/product_cat?post=1152"},{"taxonomy":"product_tag","embeddable":true,"href":"https:\/\/sklep.tankbusters.pl\/index.php\/wp-json\/wp\/v2\/product_tag?post=1152"}],"curies":[{"name":"wp","href":"https:\/\/api.w.org\/{rel}","templated":true}]}}