{"id":1461,"date":"2025-10-17T22:30:31","date_gmt":"2025-10-17T22:30:31","guid":{"rendered":"https:\/\/sklep.tankbusters.pl\/?post_type=product&#038;p=1461"},"modified":"2025-11-08T18:10:32","modified_gmt":"2025-11-08T17:10:32","slug":"bluza-kaptur-team-tankbusters-big-logo","status":"publish","type":"product","link":"https:\/\/sklep.tankbusters.pl\/index.php\/produkt\/bluza-kaptur-team-tankbusters-big-logo\/","title":{"rendered":"Bluza kaptur &#8211; Team TankBusters! (Big Logo)"},"content":{"rendered":"<p><strong>Bluza kaptur &#8211; Team TankBusters!<\/strong> &#8211; Do\u0142\u0105cz do ekipy TankBusters i poka\u017c, \u017ce jeste\u015b cz\u0119\u015bci\u0105 dru\u017cyny! Wygodna, ciep\u0142a bluza z charakterystycznym logo marki to idealny wyb\u00f3r na ch\u0142odniejsze dni \u2014 zar\u00f3wno do noszenia na co dzie\u0144, jak i podczas festiwali czy piwnych event\u00f3w.<\/p>\n<div class=\"details fabric ng-binding ng-scope\"><strong class=\"ng-binding\">Tkanina:<\/strong>\u00a080% Combed Ringspun Cotton, 20% Polyester; 100% cotton face yarn (3-thread-construction)<\/div>\n<div class=\"details weight ng-binding ng-scope\"><strong class=\"ng-binding\">Waga:<\/strong>\u00a0280 g\/m\u00b2<\/div>\n","protected":false},"excerpt":{"rendered":"<p>Bluza kaptur &#8211; Team TankBusters!<\/p>\n","protected":false},"featured_media":1498,"comment_status":"open","ping_status":"closed","template":"","meta":[],"product_brand":[],"product_cat":[137,135,146],"product_tag":[],"class_list":{"0":"post-1461","1":"product","2":"type-product","3":"status-publish","4":"has-post-thumbnail","6":"product_cat-bluzy","7":"product_cat-nowe","8":"product_cat-ubrania","10":"first","11":"instock","12":"purchasable","13":"product-type-variable"},"yoast_head":"<!-- This site is optimized with the Yoast SEO plugin v27.3 - https:\/\/yoast.com\/product\/yoast-seo-wordpress\/ -->\n<title>Bluza kaptur - Team TankBusters! (Big Logo) - TankBusters<\/title>\n<meta name=\"robots\" content=\"index, follow, max-snippet:-1, max-image-preview:large, max-video-preview:-1\" \/>\n<link rel=\"canonical\" href=\"https:\/\/sklep.tankbusters.pl\/index.php\/produkt\/bluza-kaptur-team-tankbusters-big-logo\/\" \/>\n<meta property=\"og:locale\" content=\"pl_PL\" \/>\n<meta property=\"og:type\" content=\"article\" \/>\n<meta property=\"og:title\" content=\"Bluza kaptur - Team TankBusters! (Big Logo) - TankBusters\" \/>\n<meta property=\"og:description\" content=\"Bluza kaptur - Team TankBusters!\" \/>\n<meta property=\"og:url\" content=\"https:\/\/sklep.tankbusters.pl\/index.php\/produkt\/bluza-kaptur-team-tankbusters-big-logo\/\" \/>\n<meta property=\"og:site_name\" content=\"TankBusters\" \/>\n<meta property=\"article:modified_time\" content=\"2025-11-08T17:10:32+00:00\" \/>\n<meta property=\"og:image\" content=\"https:\/\/sklep.tankbusters.pl\/wp-content\/uploads\/2025\/10\/5.jpg\" \/>\n\t<meta property=\"og:image:width\" content=\"1024\" \/>\n\t<meta property=\"og:image:height\" content=\"1536\" \/>\n\t<meta property=\"og:image:type\" content=\"image\/jpeg\" \/>\n<meta name=\"twitter:card\" content=\"summary_large_image\" \/>\n<meta name=\"twitter:label1\" content=\"Szacowany czas czytania\" \/>\n\t<meta name=\"twitter:data1\" content=\"1 minuta\" \/>\n<script type=\"application\/ld+json\" class=\"yoast-schema-graph\">{\"@context\":\"https:\\\/\\\/schema.org\",\"@graph\":[{\"@type\":\"WebPage\",\"@id\":\"https:\\\/\\\/sklep.tankbusters.pl\\\/index.php\\\/produkt\\\/bluza-kaptur-team-tankbusters-big-logo\\\/\",\"url\":\"https:\\\/\\\/sklep.tankbusters.pl\\\/index.php\\\/produkt\\\/bluza-kaptur-team-tankbusters-big-logo\\\/\",\"name\":\"Bluza kaptur - Team TankBusters! (Big Logo) - TankBusters\",\"isPartOf\":{\"@id\":\"http:\\\/\\\/sklep.tankbusters.pl\\\/#website\"},\"primaryImageOfPage\":{\"@id\":\"https:\\\/\\\/sklep.tankbusters.pl\\\/index.php\\\/produkt\\\/bluza-kaptur-team-tankbusters-big-logo\\\/#primaryimage\"},\"image\":{\"@id\":\"https:\\\/\\\/sklep.tankbusters.pl\\\/index.php\\\/produkt\\\/bluza-kaptur-team-tankbusters-big-logo\\\/#primaryimage\"},\"thumbnailUrl\":\"https:\\\/\\\/sklep.tankbusters.pl\\\/wp-content\\\/uploads\\\/2025\\\/10\\\/5.jpg\",\"datePublished\":\"2025-10-17T22:30:31+00:00\",\"dateModified\":\"2025-11-08T17:10:32+00:00\",\"breadcrumb\":{\"@id\":\"https:\\\/\\\/sklep.tankbusters.pl\\\/index.php\\\/produkt\\\/bluza-kaptur-team-tankbusters-big-logo\\\/#breadcrumb\"},\"inLanguage\":\"pl-PL\",\"potentialAction\":[{\"@type\":\"ReadAction\",\"target\":[\"https:\\\/\\\/sklep.tankbusters.pl\\\/index.php\\\/produkt\\\/bluza-kaptur-team-tankbusters-big-logo\\\/\"]}]},{\"@type\":\"ImageObject\",\"inLanguage\":\"pl-PL\",\"@id\":\"https:\\\/\\\/sklep.tankbusters.pl\\\/index.php\\\/produkt\\\/bluza-kaptur-team-tankbusters-big-logo\\\/#primaryimage\",\"url\":\"https:\\\/\\\/sklep.tankbusters.pl\\\/wp-content\\\/uploads\\\/2025\\\/10\\\/5.jpg\",\"contentUrl\":\"https:\\\/\\\/sklep.tankbusters.pl\\\/wp-content\\\/uploads\\\/2025\\\/10\\\/5.jpg\",\"width\":1024,\"height\":1536},{\"@type\":\"BreadcrumbList\",\"@id\":\"https:\\\/\\\/sklep.tankbusters.pl\\\/index.php\\\/produkt\\\/bluza-kaptur-team-tankbusters-big-logo\\\/#breadcrumb\",\"itemListElement\":[{\"@type\":\"ListItem\",\"position\":1,\"name\":\"Strona g\u0142\u00f3wna\",\"item\":\"http:\\\/\\\/sklep.tankbusters.pl\\\/\"},{\"@type\":\"ListItem\",\"position\":2,\"name\":\"Sklep\",\"item\":\"http:\\\/\\\/sklep.tankbusters.pl\\\/\"},{\"@type\":\"ListItem\",\"position\":3,\"name\":\"Bluza kaptur &#8211; Team TankBusters! (Big Logo)\"}]},{\"@type\":\"WebSite\",\"@id\":\"http:\\\/\\\/sklep.tankbusters.pl\\\/#website\",\"url\":\"http:\\\/\\\/sklep.tankbusters.pl\\\/\",\"name\":\"TankBusters\",\"description\":\"Craft Beer\",\"potentialAction\":[{\"@type\":\"SearchAction\",\"target\":{\"@type\":\"EntryPoint\",\"urlTemplate\":\"http:\\\/\\\/sklep.tankbusters.pl\\\/?s={search_term_string}\"},\"query-input\":{\"@type\":\"PropertyValueSpecification\",\"valueRequired\":true,\"valueName\":\"search_term_string\"}}],\"inLanguage\":\"pl-PL\"}]}<\/script>\n<!-- \/ Yoast SEO plugin. -->","yoast_head_json":{"title":"Bluza kaptur - Team TankBusters! (Big Logo) - TankBusters","robots":{"index":"index","follow":"follow","max-snippet":"max-snippet:-1","max-image-preview":"max-image-preview:large","max-video-preview":"max-video-preview:-1"},"canonical":"https:\/\/sklep.tankbusters.pl\/index.php\/produkt\/bluza-kaptur-team-tankbusters-big-logo\/","og_locale":"pl_PL","og_type":"article","og_title":"Bluza kaptur - Team TankBusters! (Big Logo) - TankBusters","og_description":"Bluza kaptur - Team TankBusters!","og_url":"https:\/\/sklep.tankbusters.pl\/index.php\/produkt\/bluza-kaptur-team-tankbusters-big-logo\/","og_site_name":"TankBusters","article_modified_time":"2025-11-08T17:10:32+00:00","og_image":[{"width":1024,"height":1536,"url":"https:\/\/sklep.tankbusters.pl\/wp-content\/uploads\/2025\/10\/5.jpg","type":"image\/jpeg"}],"twitter_card":"summary_large_image","twitter_misc":{"Szacowany czas czytania":"1 minuta"},"schema":{"@context":"https:\/\/schema.org","@graph":[{"@type":"WebPage","@id":"https:\/\/sklep.tankbusters.pl\/index.php\/produkt\/bluza-kaptur-team-tankbusters-big-logo\/","url":"https:\/\/sklep.tankbusters.pl\/index.php\/produkt\/bluza-kaptur-team-tankbusters-big-logo\/","name":"Bluza kaptur - Team TankBusters! (Big Logo) - TankBusters","isPartOf":{"@id":"http:\/\/sklep.tankbusters.pl\/#website"},"primaryImageOfPage":{"@id":"https:\/\/sklep.tankbusters.pl\/index.php\/produkt\/bluza-kaptur-team-tankbusters-big-logo\/#primaryimage"},"image":{"@id":"https:\/\/sklep.tankbusters.pl\/index.php\/produkt\/bluza-kaptur-team-tankbusters-big-logo\/#primaryimage"},"thumbnailUrl":"https:\/\/sklep.tankbusters.pl\/wp-content\/uploads\/2025\/10\/5.jpg","datePublished":"2025-10-17T22:30:31+00:00","dateModified":"2025-11-08T17:10:32+00:00","breadcrumb":{"@id":"https:\/\/sklep.tankbusters.pl\/index.php\/produkt\/bluza-kaptur-team-tankbusters-big-logo\/#breadcrumb"},"inLanguage":"pl-PL","potentialAction":[{"@type":"ReadAction","target":["https:\/\/sklep.tankbusters.pl\/index.php\/produkt\/bluza-kaptur-team-tankbusters-big-logo\/"]}]},{"@type":"ImageObject","inLanguage":"pl-PL","@id":"https:\/\/sklep.tankbusters.pl\/index.php\/produkt\/bluza-kaptur-team-tankbusters-big-logo\/#primaryimage","url":"https:\/\/sklep.tankbusters.pl\/wp-content\/uploads\/2025\/10\/5.jpg","contentUrl":"https:\/\/sklep.tankbusters.pl\/wp-content\/uploads\/2025\/10\/5.jpg","width":1024,"height":1536},{"@type":"BreadcrumbList","@id":"https:\/\/sklep.tankbusters.pl\/index.php\/produkt\/bluza-kaptur-team-tankbusters-big-logo\/#breadcrumb","itemListElement":[{"@type":"ListItem","position":1,"name":"Strona g\u0142\u00f3wna","item":"http:\/\/sklep.tankbusters.pl\/"},{"@type":"ListItem","position":2,"name":"Sklep","item":"http:\/\/sklep.tankbusters.pl\/"},{"@type":"ListItem","position":3,"name":"Bluza kaptur &#8211; Team TankBusters! (Big Logo)"}]},{"@type":"WebSite","@id":"http:\/\/sklep.tankbusters.pl\/#website","url":"http:\/\/sklep.tankbusters.pl\/","name":"TankBusters","description":"Craft Beer","potentialAction":[{"@type":"SearchAction","target":{"@type":"EntryPoint","urlTemplate":"http:\/\/sklep.tankbusters.pl\/?s={search_term_string}"},"query-input":{"@type":"PropertyValueSpecification","valueRequired":true,"valueName":"search_term_string"}}],"inLanguage":"pl-PL"}]}},"_links":{"self":[{"href":"https:\/\/sklep.tankbusters.pl\/index.php\/wp-json\/wp\/v2\/product\/1461","targetHints":{"allow":["GET"]}}],"collection":[{"href":"https:\/\/sklep.tankbusters.pl\/index.php\/wp-json\/wp\/v2\/product"}],"about":[{"href":"https:\/\/sklep.tankbusters.pl\/index.php\/wp-json\/wp\/v2\/types\/product"}],"replies":[{"embeddable":true,"href":"https:\/\/sklep.tankbusters.pl\/index.php\/wp-json\/wp\/v2\/comments?post=1461"}],"wp:featuredmedia":[{"embeddable":true,"href":"https:\/\/sklep.tankbusters.pl\/index.php\/wp-json\/wp\/v2\/media\/1498"}],"wp:attachment":[{"href":"https:\/\/sklep.tankbusters.pl\/index.php\/wp-json\/wp\/v2\/media?parent=1461"}],"wp:term":[{"taxonomy":"product_brand","embeddable":true,"href":"https:\/\/sklep.tankbusters.pl\/index.php\/wp-json\/wp\/v2\/product_brand?post=1461"},{"taxonomy":"product_cat","embeddable":true,"href":"https:\/\/sklep.tankbusters.pl\/index.php\/wp-json\/wp\/v2\/product_cat?post=1461"},{"taxonomy":"product_tag","embeddable":true,"href":"https:\/\/sklep.tankbusters.pl\/index.php\/wp-json\/wp\/v2\/product_tag?post=1461"}],"curies":[{"name":"wp","href":"https:\/\/api.w.org\/{rel}","templated":true}]}}