{"id":745,"date":"2024-02-17T00:32:05","date_gmt":"2024-02-17T00:32:05","guid":{"rendered":"https:\/\/sklep.tankbusters.pl\/?post_type=product&#038;p=745"},"modified":"2025-10-04T19:51:17","modified_gmt":"2025-10-04T19:51:17","slug":"pastry-killer-vol-4","status":"publish","type":"product","link":"https:\/\/sklep.tankbusters.pl\/index.php\/produkt\/pastry-killer-vol-4\/","title":{"rendered":"Tankbusters &#8211; Torba"},"content":{"rendered":"<p><strong data-start=\"0\" data-end=\"21\" data-is-only-node=\"\">Torba Tankbusters<\/strong> to praktyczny i stylowy dodatek dla ka\u017cdego fana rzemie\u015blniczego piwa. Wykonana z wytrzyma\u0142ego materia\u0142u, ozdobiona wyrazistym logo Tankbusters, \u015bwietnie sprawdzi si\u0119 na zakupy, festiwal piwny czy codzienne wypady do miasta. Pojemna, wygodna i ekologiczna \u2013 no\u015b j\u0105 z dum\u0105, nie tylko po piwo.<\/p>\n","protected":false},"excerpt":{"rendered":"<p>Torba Tankbusters<\/p>\n","protected":false},"featured_media":1379,"comment_status":"open","ping_status":"closed","template":"","meta":[],"product_brand":[],"product_cat":[147,135,140],"product_tag":[],"class_list":{"0":"post-745","1":"product","2":"type-product","3":"status-publish","4":"has-post-thumbnail","6":"product_cat-gadzety","7":"product_cat-nowe","8":"product_cat-torby","10":"first","11":"instock","12":"purchasable","13":"product-type-simple"},"yoast_head":"<!-- This site is optimized with the Yoast SEO plugin v27.3 - https:\/\/yoast.com\/product\/yoast-seo-wordpress\/ -->\n<title>Tankbusters - Torba - TankBusters<\/title>\n<meta name=\"robots\" content=\"index, follow, max-snippet:-1, max-image-preview:large, max-video-preview:-1\" \/>\n<link rel=\"canonical\" href=\"https:\/\/sklep.tankbusters.pl\/index.php\/produkt\/pastry-killer-vol-4\/\" \/>\n<meta property=\"og:locale\" content=\"pl_PL\" \/>\n<meta property=\"og:type\" content=\"article\" \/>\n<meta property=\"og:title\" content=\"Tankbusters - Torba - TankBusters\" \/>\n<meta property=\"og:description\" content=\"Torba Tankbusters\" \/>\n<meta property=\"og:url\" content=\"https:\/\/sklep.tankbusters.pl\/index.php\/produkt\/pastry-killer-vol-4\/\" \/>\n<meta property=\"og:site_name\" content=\"TankBusters\" \/>\n<meta property=\"article:modified_time\" content=\"2025-10-04T19:51:17+00:00\" \/>\n<meta property=\"og:image\" content=\"https:\/\/sklep.tankbusters.pl\/wp-content\/uploads\/2024\/02\/torba.jpg\" \/>\n\t<meta property=\"og:image:width\" content=\"1024\" \/>\n\t<meta property=\"og:image:height\" content=\"1536\" \/>\n\t<meta property=\"og:image:type\" content=\"image\/jpeg\" \/>\n<meta name=\"twitter:card\" content=\"summary_large_image\" \/>\n<meta name=\"twitter:label1\" content=\"Szacowany czas czytania\" \/>\n\t<meta name=\"twitter:data1\" content=\"1 minuta\" \/>\n<script type=\"application\/ld+json\" class=\"yoast-schema-graph\">{\"@context\":\"https:\\\/\\\/schema.org\",\"@graph\":[{\"@type\":\"WebPage\",\"@id\":\"https:\\\/\\\/sklep.tankbusters.pl\\\/index.php\\\/produkt\\\/pastry-killer-vol-4\\\/\",\"url\":\"https:\\\/\\\/sklep.tankbusters.pl\\\/index.php\\\/produkt\\\/pastry-killer-vol-4\\\/\",\"name\":\"Tankbusters - Torba - TankBusters\",\"isPartOf\":{\"@id\":\"http:\\\/\\\/sklep.tankbusters.pl\\\/#website\"},\"primaryImageOfPage\":{\"@id\":\"https:\\\/\\\/sklep.tankbusters.pl\\\/index.php\\\/produkt\\\/pastry-killer-vol-4\\\/#primaryimage\"},\"image\":{\"@id\":\"https:\\\/\\\/sklep.tankbusters.pl\\\/index.php\\\/produkt\\\/pastry-killer-vol-4\\\/#primaryimage\"},\"thumbnailUrl\":\"https:\\\/\\\/sklep.tankbusters.pl\\\/wp-content\\\/uploads\\\/2024\\\/02\\\/torba.jpg\",\"datePublished\":\"2024-02-17T00:32:05+00:00\",\"dateModified\":\"2025-10-04T19:51:17+00:00\",\"breadcrumb\":{\"@id\":\"https:\\\/\\\/sklep.tankbusters.pl\\\/index.php\\\/produkt\\\/pastry-killer-vol-4\\\/#breadcrumb\"},\"inLanguage\":\"pl-PL\",\"potentialAction\":[{\"@type\":\"ReadAction\",\"target\":[\"https:\\\/\\\/sklep.tankbusters.pl\\\/index.php\\\/produkt\\\/pastry-killer-vol-4\\\/\"]}]},{\"@type\":\"ImageObject\",\"inLanguage\":\"pl-PL\",\"@id\":\"https:\\\/\\\/sklep.tankbusters.pl\\\/index.php\\\/produkt\\\/pastry-killer-vol-4\\\/#primaryimage\",\"url\":\"https:\\\/\\\/sklep.tankbusters.pl\\\/wp-content\\\/uploads\\\/2024\\\/02\\\/torba.jpg\",\"contentUrl\":\"https:\\\/\\\/sklep.tankbusters.pl\\\/wp-content\\\/uploads\\\/2024\\\/02\\\/torba.jpg\",\"width\":1024,\"height\":1536},{\"@type\":\"BreadcrumbList\",\"@id\":\"https:\\\/\\\/sklep.tankbusters.pl\\\/index.php\\\/produkt\\\/pastry-killer-vol-4\\\/#breadcrumb\",\"itemListElement\":[{\"@type\":\"ListItem\",\"position\":1,\"name\":\"Strona g\u0142\u00f3wna\",\"item\":\"http:\\\/\\\/sklep.tankbusters.pl\\\/\"},{\"@type\":\"ListItem\",\"position\":2,\"name\":\"Sklep\",\"item\":\"http:\\\/\\\/sklep.tankbusters.pl\\\/\"},{\"@type\":\"ListItem\",\"position\":3,\"name\":\"Tankbusters &#8211; Torba\"}]},{\"@type\":\"WebSite\",\"@id\":\"http:\\\/\\\/sklep.tankbusters.pl\\\/#website\",\"url\":\"http:\\\/\\\/sklep.tankbusters.pl\\\/\",\"name\":\"TankBusters\",\"description\":\"Craft Beer\",\"potentialAction\":[{\"@type\":\"SearchAction\",\"target\":{\"@type\":\"EntryPoint\",\"urlTemplate\":\"http:\\\/\\\/sklep.tankbusters.pl\\\/?s={search_term_string}\"},\"query-input\":{\"@type\":\"PropertyValueSpecification\",\"valueRequired\":true,\"valueName\":\"search_term_string\"}}],\"inLanguage\":\"pl-PL\"}]}<\/script>\n<!-- \/ Yoast SEO plugin. -->","yoast_head_json":{"title":"Tankbusters - Torba - TankBusters","robots":{"index":"index","follow":"follow","max-snippet":"max-snippet:-1","max-image-preview":"max-image-preview:large","max-video-preview":"max-video-preview:-1"},"canonical":"https:\/\/sklep.tankbusters.pl\/index.php\/produkt\/pastry-killer-vol-4\/","og_locale":"pl_PL","og_type":"article","og_title":"Tankbusters - Torba - TankBusters","og_description":"Torba Tankbusters","og_url":"https:\/\/sklep.tankbusters.pl\/index.php\/produkt\/pastry-killer-vol-4\/","og_site_name":"TankBusters","article_modified_time":"2025-10-04T19:51:17+00:00","og_image":[{"width":1024,"height":1536,"url":"https:\/\/sklep.tankbusters.pl\/wp-content\/uploads\/2024\/02\/torba.jpg","type":"image\/jpeg"}],"twitter_card":"summary_large_image","twitter_misc":{"Szacowany czas czytania":"1 minuta"},"schema":{"@context":"https:\/\/schema.org","@graph":[{"@type":"WebPage","@id":"https:\/\/sklep.tankbusters.pl\/index.php\/produkt\/pastry-killer-vol-4\/","url":"https:\/\/sklep.tankbusters.pl\/index.php\/produkt\/pastry-killer-vol-4\/","name":"Tankbusters - Torba - TankBusters","isPartOf":{"@id":"http:\/\/sklep.tankbusters.pl\/#website"},"primaryImageOfPage":{"@id":"https:\/\/sklep.tankbusters.pl\/index.php\/produkt\/pastry-killer-vol-4\/#primaryimage"},"image":{"@id":"https:\/\/sklep.tankbusters.pl\/index.php\/produkt\/pastry-killer-vol-4\/#primaryimage"},"thumbnailUrl":"https:\/\/sklep.tankbusters.pl\/wp-content\/uploads\/2024\/02\/torba.jpg","datePublished":"2024-02-17T00:32:05+00:00","dateModified":"2025-10-04T19:51:17+00:00","breadcrumb":{"@id":"https:\/\/sklep.tankbusters.pl\/index.php\/produkt\/pastry-killer-vol-4\/#breadcrumb"},"inLanguage":"pl-PL","potentialAction":[{"@type":"ReadAction","target":["https:\/\/sklep.tankbusters.pl\/index.php\/produkt\/pastry-killer-vol-4\/"]}]},{"@type":"ImageObject","inLanguage":"pl-PL","@id":"https:\/\/sklep.tankbusters.pl\/index.php\/produkt\/pastry-killer-vol-4\/#primaryimage","url":"https:\/\/sklep.tankbusters.pl\/wp-content\/uploads\/2024\/02\/torba.jpg","contentUrl":"https:\/\/sklep.tankbusters.pl\/wp-content\/uploads\/2024\/02\/torba.jpg","width":1024,"height":1536},{"@type":"BreadcrumbList","@id":"https:\/\/sklep.tankbusters.pl\/index.php\/produkt\/pastry-killer-vol-4\/#breadcrumb","itemListElement":[{"@type":"ListItem","position":1,"name":"Strona g\u0142\u00f3wna","item":"http:\/\/sklep.tankbusters.pl\/"},{"@type":"ListItem","position":2,"name":"Sklep","item":"http:\/\/sklep.tankbusters.pl\/"},{"@type":"ListItem","position":3,"name":"Tankbusters &#8211; Torba"}]},{"@type":"WebSite","@id":"http:\/\/sklep.tankbusters.pl\/#website","url":"http:\/\/sklep.tankbusters.pl\/","name":"TankBusters","description":"Craft Beer","potentialAction":[{"@type":"SearchAction","target":{"@type":"EntryPoint","urlTemplate":"http:\/\/sklep.tankbusters.pl\/?s={search_term_string}"},"query-input":{"@type":"PropertyValueSpecification","valueRequired":true,"valueName":"search_term_string"}}],"inLanguage":"pl-PL"}]}},"_links":{"self":[{"href":"https:\/\/sklep.tankbusters.pl\/index.php\/wp-json\/wp\/v2\/product\/745","targetHints":{"allow":["GET"]}}],"collection":[{"href":"https:\/\/sklep.tankbusters.pl\/index.php\/wp-json\/wp\/v2\/product"}],"about":[{"href":"https:\/\/sklep.tankbusters.pl\/index.php\/wp-json\/wp\/v2\/types\/product"}],"replies":[{"embeddable":true,"href":"https:\/\/sklep.tankbusters.pl\/index.php\/wp-json\/wp\/v2\/comments?post=745"}],"wp:featuredmedia":[{"embeddable":true,"href":"https:\/\/sklep.tankbusters.pl\/index.php\/wp-json\/wp\/v2\/media\/1379"}],"wp:attachment":[{"href":"https:\/\/sklep.tankbusters.pl\/index.php\/wp-json\/wp\/v2\/media?parent=745"}],"wp:term":[{"taxonomy":"product_brand","embeddable":true,"href":"https:\/\/sklep.tankbusters.pl\/index.php\/wp-json\/wp\/v2\/product_brand?post=745"},{"taxonomy":"product_cat","embeddable":true,"href":"https:\/\/sklep.tankbusters.pl\/index.php\/wp-json\/wp\/v2\/product_cat?post=745"},{"taxonomy":"product_tag","embeddable":true,"href":"https:\/\/sklep.tankbusters.pl\/index.php\/wp-json\/wp\/v2\/product_tag?post=745"}],"curies":[{"name":"wp","href":"https:\/\/api.w.org\/{rel}","templated":true}]}}